{"id":202,"date":"2026-02-25T14:13:59","date_gmt":"2026-02-25T13:13:59","guid":{"rendered":"https:\/\/armellecasas.fr\/?page_id=202"},"modified":"2026-03-02T16:34:43","modified_gmt":"2026-03-02T15:34:43","slug":"tome-5-a-feux-doux-a-coeurs-vifs","status":"publish","type":"page","link":"https:\/\/armellecasas.fr\/index.php\/tome-5-a-feux-doux-a-coeurs-vifs\/","title":{"rendered":"Tome 5 : A feux doux, \u00e0 coeurs vifs"},"content":{"rendered":"\n<figure class=\"wp-block-image size-large\"><img loading=\"lazy\" decoding=\"async\" width=\"683\" height=\"1024\" src=\"https:\/\/armellecasas.fr\/wp-content\/uploads\/2026\/02\/ChatGPT-Image-25-fevr.-2026-14_10_20-683x1024.png\" alt=\"\" class=\"wp-image-203\" srcset=\"https:\/\/armellecasas.fr\/wp-content\/uploads\/2026\/02\/ChatGPT-Image-25-fevr.-2026-14_10_20-683x1024.png 683w, https:\/\/armellecasas.fr\/wp-content\/uploads\/2026\/02\/ChatGPT-Image-25-fevr.-2026-14_10_20-200x300.png 200w, https:\/\/armellecasas.fr\/wp-content\/uploads\/2026\/02\/ChatGPT-Image-25-fevr.-2026-14_10_20-768x1152.png 768w, https:\/\/armellecasas.fr\/wp-content\/uploads\/2026\/02\/ChatGPT-Image-25-fevr.-2026-14_10_20.png 1024w\" sizes=\"auto, (max-width: 683px) 100vw, 683px\" \/><\/figure>\n\n\n\n<h2 class=\"wp-block-heading\">S\u00e9rie Amours Entrelac\u00e9es \u2013 5<\/h2>\n\n\n\n<blockquote class=\"wp-block-quote is-layout-flow wp-block-quote-is-layout-flow\">\n<p>L&rsquo;histoire de Jules et Lucie<\/p>\n<\/blockquote>\n\n\n\n<p><\/p>\n\n\n\n<h2 class=\"wp-block-heading\">\ud83d\udcd6 R\u00e9sum\u00e9<\/h2>\n\n\n\n<p>(\u00e0 venir)<\/p>\n\n\n\n<p><\/p>\n\n\n\n<h2 class=\"wp-block-heading\">\ud83d\udd17 O\u00f9 pr\u00e9commander en num\u00e9rique<\/h2>\n\n\n\n<p><\/p>\n\n\n\n<div class=\"wp-block-buttons is-layout-flex wp-block-buttons-is-layout-flex\">\n<div class=\"wp-block-button is-style-fill\"><a class=\"wp-block-button__link wp-element-button\" href=\"https:\/\/www.amazon.fr\/feux-doux-coeurs-Amours-entrelac%C3%A9es-ebook\/dp\/B0GQ4WTVQ5\/ref=sr_1_1?__mk_fr_FR=%C3%85M%C3%85%C5%BD%C3%95%C3%91&amp;crid=2TQDTEH5UOOD7&amp;dib=eyJ2IjoiMSJ9.RvB2hXG12GORs14-vmY22yix_jXhcogkkS-hqtH4GhnlHhLY99wqDdzpJSOr-AifzkuOkfdORwaCv1FFE3Iplg.iTzc1b8FfQTFDtZ7dYSvt1kWWvtoAWfZvAkzXJW1aZk&amp;dib_tag=se&amp;keywords=armelle+casas&amp;qid=1772465517&amp;s=digital-text&amp;sprefix=armelle+casas%2Cdigital-text%2C241&amp;sr=1-1\">Kindle<\/a><\/div>\n\n\n\n<div class=\"wp-block-button\"><a class=\"wp-block-button__link wp-element-button\" href=\"https:\/\/www.kobo.com\/fr\/fr\/ebook\/a-feux-doux-a-coeurs-vifs?sId=f9dc6f95-062e-48cb-983f-0f42d72835c1&amp;ssId=u6bcY6Yxq0eBSnFxcC6Ch\">Kobo<\/a><\/div>\n\n\n\n<div class=\"wp-block-button\"><a class=\"wp-block-button__link wp-element-button\" href=\"https:\/\/play.google.com\/store\/books\/details\/Armelle_Casas_A_feux_doux_%C3%A0_coeurs_vifs?id=m57EEQAAQBAJ&amp;hl=fr\">Google play<\/a><\/div>\n\n\n\n<div class=\"wp-block-button\"><a class=\"wp-block-button__link wp-element-button\" href=\"https:\/\/www.7switch.com\/fr\/ebook\/9791097668181\">7switch<\/a><\/div>\n\n\n\n<div class=\"wp-block-button\"><a class=\"wp-block-button__link wp-element-button\">Fnac<\/a><\/div>\n\n\n\n<div class=\"wp-block-button\"><a class=\"wp-block-button__link wp-element-button\" href=\"https:\/\/www.epagine.fr\/ebook\/9791097668181-a-feux-doux-a-coeurs-vifs-armelle-casas\/\">Epagine<\/a><\/div>\n\n\n\n<div class=\"wp-block-button\"><a class=\"wp-block-button__link wp-element-button\" href=\"https:\/\/nextory.com\/fr\/book\/a-feux-doux-a-coeurs-vifs-6320393\">Nextory<\/a><\/div>\n<\/div>\n\n\n\n<p><\/p>\n\n\n\n<p><\/p>\n\n\n\n<h2 class=\"wp-block-heading\">\ud83d\udccb Informations sur le livre<\/h2>\n\n\n\n<ul class=\"wp-block-list\">\n<li><strong>Titre :<\/strong> A feux doux, \u00e0 coeurs vifs<\/li>\n\n\n\n<li><strong>S\u00e9rie :<\/strong> Amours Entrelac\u00e9es<\/li>\n\n\n\n<li><strong>Tome :<\/strong>5<\/li>\n\n\n\n<li><strong>Genre :<\/strong> Romance contemporaine slow burn <\/li>\n\n\n\n<li><strong>Date de sortie :<\/strong> Juillet 2026<\/li>\n\n\n\n<li><strong>Formats disponibles :<\/strong> Ebook et Broch\u00e9 (\u00e0 venir)<\/li>\n<\/ul>\n\n\n\n<p><\/p>\n\n\n\n<h2 class=\"wp-block-heading\">\ud83d\udc93 Pourquoi lire <em>A feux doux, \u00e0 coeurs vifs <\/em> ?<\/h2>\n\n\n\n<ul class=\"wp-block-list\">\n<li><\/li>\n<\/ul>\n\n\n\n<p><\/p>\n\n\n\n<h2 class=\"wp-block-heading\">\ud83d\udd8b\ufe0f \u00c0 propos de l\u2019autrice<\/h2>\n\n\n\n<p>Armelle Casas aime raconter des histoires o\u00f9 les cicatrices croisent l&rsquo;espoir. \u00c0 travers <em>Amour entrelac\u00e9es<\/em>, elle explore les liens invisibles qui fa\u00e7onnent nos choix, nos passions et nos renaissances.<\/p>\n","protected":false},"excerpt":{"rendered":"<p>S\u00e9rie Amours Entrelac\u00e9es \u2013 5 L&rsquo;histoire de Jules et Lucie \ud83d\udcd6 R\u00e9sum\u00e9 (\u00e0 venir) \ud83d\udd17 O\u00f9 pr\u00e9commander en num\u00e9rique \ud83d\udccb Informations sur le livre \ud83d\udc93 Pourquoi lire A feux doux, \u00e0 coeurs vifs ? \ud83d\udd8b\ufe0f \u00c0 propos de l\u2019autrice Armelle Casas aime raconter des histoires o\u00f9 les cicatrices croisent l&rsquo;espoir. \u00c0 travers Amour entrelac\u00e9es, elle [&hellip;]<\/p>\n","protected":false},"author":1,"featured_media":0,"parent":0,"menu_order":0,"comment_status":"closed","ping_status":"closed","template":"","meta":{"footnotes":""},"class_list":["post-202","page","type-page","status-publish","hentry"],"_links":{"self":[{"href":"https:\/\/armellecasas.fr\/index.php\/wp-json\/wp\/v2\/pages\/202","targetHints":{"allow":["GET"]}}],"collection":[{"href":"https:\/\/armellecasas.fr\/index.php\/wp-json\/wp\/v2\/pages"}],"about":[{"href":"https:\/\/armellecasas.fr\/index.php\/wp-json\/wp\/v2\/types\/page"}],"author":[{"embeddable":true,"href":"https:\/\/armellecasas.fr\/index.php\/wp-json\/wp\/v2\/users\/1"}],"replies":[{"embeddable":true,"href":"https:\/\/armellecasas.fr\/index.php\/wp-json\/wp\/v2\/comments?post=202"}],"version-history":[{"count":2,"href":"https:\/\/armellecasas.fr\/index.php\/wp-json\/wp\/v2\/pages\/202\/revisions"}],"predecessor-version":[{"id":208,"href":"https:\/\/armellecasas.fr\/index.php\/wp-json\/wp\/v2\/pages\/202\/revisions\/208"}],"wp:attachment":[{"href":"https:\/\/armellecasas.fr\/index.php\/wp-json\/wp\/v2\/media?parent=202"}],"curies":[{"name":"wp","href":"https:\/\/api.w.org\/{rel}","templated":true}]}}