{"id":45,"date":"2025-01-29T10:55:32","date_gmt":"2025-01-29T09:55:32","guid":{"rendered":"https:\/\/armellecasas.fr\/?page_id=45"},"modified":"2025-01-29T10:55:33","modified_gmt":"2025-01-29T09:55:33","slug":"qui-suis-je","status":"publish","type":"page","link":"https:\/\/armellecasas.fr\/index.php\/qui-suis-je\/","title":{"rendered":"Qui suis-je ?"},"content":{"rendered":"\n<div class=\"wp-block-group alignfull has-global-padding is-layout-constrained wp-block-group-is-layout-constrained\" style=\"margin-top:0;margin-bottom:0;padding-top:var(--wp--preset--spacing--50);padding-bottom:var(--wp--preset--spacing--50)\">\n<div class=\"wp-block-columns alignwide is-layout-flex wp-container-core-columns-is-layout-fa584acd wp-block-columns-is-layout-flex\">\n<div class=\"wp-block-column is-vertically-aligned-center is-layout-flow wp-block-column-is-layout-flow\">\n<p>Je m\u2019appelle Armeelle Casas, romanci\u00e8re passionn\u00e9e par les histoires de vie o\u00f9 la famille et l\u2019amiti\u00e9 sont les piliers. J\u2019\u00e9cris depuis 2021 et je vis dans le sud de la France, une r\u00e9gion qui inspire mes r\u00e9cits.<\/p>\n\n\n\n<p>Apr\u00e8s plusieurs ann\u00e9es \u00e0 cultiver ma passion pour l\u2019\u00e9criture, j\u2019ai choisi de me consacrer \u00e0 la romance contemporaine. Mes r\u00e9cits mettent en lumi\u00e8re des personnages atypiques et authentiques, confront\u00e9s \u00e0 des th\u00e8mes comme le handicap, la r\u00e9silience et les d\u00e9fis de la vie. Chaque roman est une ode \u00e0 la singularit\u00e9 et aux liens humains.<\/p>\n\n\n\n<p><strong>Envie d\u2019en savoir plus ?<\/strong><\/p>\n\n\n\n<p>Plongez dans mes romans ou rejoignez mes e-mails exclusifs pour d\u00e9couvrir l\u2019envers du d\u00e9cor.<\/p>\n\n\n\n<hr class=\"wp-block-separator has-alpha-channel-opacity\"\/>\n\n\n\n<p class=\"has-medium-font-size\"><\/p>\n<\/div>\n\n\n\n<div class=\"wp-block-column is-vertically-aligned-center is-layout-flow wp-block-column-is-layout-flow\">\n<figure class=\"wp-block-image size-full\"><img loading=\"lazy\" decoding=\"async\" width=\"1707\" height=\"2560\" src=\"https:\/\/armellecasas.fr\/wp-content\/uploads\/2025\/01\/100452_121-scaled.jpg\" alt=\"\" class=\"wp-image-47\" style=\"aspect-ratio:1;object-fit:cover\" srcset=\"https:\/\/armellecasas.fr\/wp-content\/uploads\/2025\/01\/100452_121-scaled.jpg 1707w, https:\/\/armellecasas.fr\/wp-content\/uploads\/2025\/01\/100452_121-200x300.jpg 200w, https:\/\/armellecasas.fr\/wp-content\/uploads\/2025\/01\/100452_121-683x1024.jpg 683w, https:\/\/armellecasas.fr\/wp-content\/uploads\/2025\/01\/100452_121-768x1152.jpg 768w, https:\/\/armellecasas.fr\/wp-content\/uploads\/2025\/01\/100452_121-1024x1536.jpg 1024w, https:\/\/armellecasas.fr\/wp-content\/uploads\/2025\/01\/100452_121-1365x2048.jpg 1365w\" sizes=\"auto, (max-width: 1707px) 100vw, 1707px\" \/><\/figure>\n<\/div>\n<\/div>\n<\/div>\n\n\n\n<p><\/p>\n","protected":false},"excerpt":{"rendered":"<p>Je m\u2019appelle Armeelle Casas, romanci\u00e8re passionn\u00e9e par les histoires de vie o\u00f9 la famille et l\u2019amiti\u00e9 sont les piliers. J\u2019\u00e9cris depuis 2021 et je vis dans le sud de la France, une r\u00e9gion qui inspire mes r\u00e9cits. Apr\u00e8s plusieurs ann\u00e9es \u00e0 cultiver ma passion pour l\u2019\u00e9criture, j\u2019ai choisi de me consacrer \u00e0 la romance contemporaine. [&hellip;]<\/p>\n","protected":false},"author":1,"featured_media":0,"parent":0,"menu_order":0,"comment_status":"closed","ping_status":"closed","template":"","meta":{"footnotes":""},"class_list":["post-45","page","type-page","status-publish","hentry"],"_links":{"self":[{"href":"https:\/\/armellecasas.fr\/index.php\/wp-json\/wp\/v2\/pages\/45","targetHints":{"allow":["GET"]}}],"collection":[{"href":"https:\/\/armellecasas.fr\/index.php\/wp-json\/wp\/v2\/pages"}],"about":[{"href":"https:\/\/armellecasas.fr\/index.php\/wp-json\/wp\/v2\/types\/page"}],"author":[{"embeddable":true,"href":"https:\/\/armellecasas.fr\/index.php\/wp-json\/wp\/v2\/users\/1"}],"replies":[{"embeddable":true,"href":"https:\/\/armellecasas.fr\/index.php\/wp-json\/wp\/v2\/comments?post=45"}],"version-history":[{"count":1,"href":"https:\/\/armellecasas.fr\/index.php\/wp-json\/wp\/v2\/pages\/45\/revisions"}],"predecessor-version":[{"id":48,"href":"https:\/\/armellecasas.fr\/index.php\/wp-json\/wp\/v2\/pages\/45\/revisions\/48"}],"wp:attachment":[{"href":"https:\/\/armellecasas.fr\/index.php\/wp-json\/wp\/v2\/media?parent=45"}],"curies":[{"name":"wp","href":"https:\/\/api.w.org\/{rel}","templated":true}]}}