{"id":50,"date":"2025-01-29T10:56:08","date_gmt":"2025-01-29T09:56:08","guid":{"rendered":"https:\/\/armellecasas.fr\/?page_id=50"},"modified":"2026-03-09T14:24:41","modified_gmt":"2026-03-09T13:24:41","slug":"mes-romans","status":"publish","type":"page","link":"https:\/\/armellecasas.fr\/index.php\/mes-romans\/","title":{"rendered":"S\u00e9rie Amours entrelac\u00e9es"},"content":{"rendered":"\n<div class=\"wp-block-group alignfull has-global-padding is-layout-constrained wp-container-core-group-is-layout-0c9c989a wp-block-group-is-layout-constrained\" style=\"min-height:0vh;margin-top:0;margin-bottom:0;padding-top:var(--wp--preset--spacing--70);padding-right:var(--wp--preset--spacing--40);padding-bottom:var(--wp--preset--spacing--70);padding-left:var(--wp--preset--spacing--40)\">\n<div class=\"wp-block-group has-global-padding is-layout-constrained wp-container-core-group-is-layout-346627ba wp-block-group-is-layout-constrained\">\n<h2 class=\"wp-block-heading has-text-align-center has-xx-large-font-size\" style=\"margin-right:0;margin-left:0;padding-right:0;padding-left:0\">Une s\u00e9rie impossible \u00e0 quitter ! <\/h2>\n\n\n\n<p class=\"has-text-align-center\"><strong>Une s\u00e9rie de romances contemporaines sensibles, vibrantes et profond\u00e9ment humaines<\/strong><\/p>\n\n\n\n<p>Plongez dans l\u2019univers bouleversant et lumineux de&nbsp;<em>Amours entrelac\u00e9es<\/em>, une fresque romanesque o\u00f9 les c\u0153urs se cherchent, se heurtent, se gu\u00e9rissent\u2026 et s\u2019aiment, malgr\u00e9 les blessures, les doutes et les diff\u00e9rences.<\/p>\n\n\n\n<p>\u00c0 travers plusieurs histoires pouvant \u00eatre lues s\u00e9par\u00e9ment mais qui se compl\u00e8tent. Cette s\u00e9rie tisse les destins crois\u00e9s d\u2019une bande d\u2019amis soud\u00e9s par des liens puissants. Des cuisines \u00e9toil\u00e9es aux internats de lyc\u00e9e, des vignobles du sud aux terrains de rugby fauteuil, chaque histoire explore une facette singuli\u00e8re de l\u2019amour : premier \u00e9moi, passion interdite, reconstruction apr\u00e8s le trauma, parentalit\u00e9, handicap, acceptation de soi\u2026<\/p>\n\n\n\n<p>Entre dialogues vibrants, \u00e9motions \u00e0 fleur de peau et personnages inoubliables,&nbsp;<em>Amours entrelac\u00e9es<\/em>&nbsp;c\u00e9l\u00e8bre la richesse de la vie dans toute sa complexit\u00e9. Qu\u2019ils soient adolescents ou jeunes adultes, chacun et chacune devra apprendre \u00e0 aimer\u2026 et \u00e0 se laisser aimer.<\/p>\n\n\n\n<p class=\"has-text-align-center\"><strong>Une s\u00e9rie pleine de tendresse, d\u2019humour, de courage et d\u2019espoir, id\u00e9ale pour les lectrices en qu\u00eate d\u2019\u00e9motions fortes et de r\u00e9cits inclusifs et sinc\u00e8res<\/strong>.<\/p>\n<\/div>\n<\/div>\n\n\n\n<div class=\"wp-block-group alignfull is-style-section-1 has-global-padding is-layout-constrained wp-block-group-is-layout-constrained is-style-section-1--1\" style=\"margin-top:0;margin-bottom:0;padding-top:var(--wp--preset--spacing--80);padding-bottom:var(--wp--preset--spacing--80)\">\n<div class=\"wp-block-columns alignwide is-layout-flex wp-container-core-columns-is-layout-66fad18a wp-block-columns-is-layout-flex\">\n<div class=\"wp-block-column is-layout-flow wp-block-column-is-layout-flow\" style=\"padding-right:var(--wp--preset--spacing--50);flex-basis:45%\">\n<figure class=\"wp-block-image size-full\"><img loading=\"lazy\" decoding=\"async\" width=\"1024\" height=\"1024\" src=\"https:\/\/armellecasas.fr\/wp-content\/uploads\/2025\/01\/u4797814336_minimalistic_romantic_illustration_two_silhouette_08821fc4-c303-4e0a-b605-d0b2db6cce0e_3.png\" alt=\"\" class=\"wp-image-52\" srcset=\"https:\/\/armellecasas.fr\/wp-content\/uploads\/2025\/01\/u4797814336_minimalistic_romantic_illustration_two_silhouette_08821fc4-c303-4e0a-b605-d0b2db6cce0e_3.png 1024w, https:\/\/armellecasas.fr\/wp-content\/uploads\/2025\/01\/u4797814336_minimalistic_romantic_illustration_two_silhouette_08821fc4-c303-4e0a-b605-d0b2db6cce0e_3-300x300.png 300w, https:\/\/armellecasas.fr\/wp-content\/uploads\/2025\/01\/u4797814336_minimalistic_romantic_illustration_two_silhouette_08821fc4-c303-4e0a-b605-d0b2db6cce0e_3-150x150.png 150w, https:\/\/armellecasas.fr\/wp-content\/uploads\/2025\/01\/u4797814336_minimalistic_romantic_illustration_two_silhouette_08821fc4-c303-4e0a-b605-d0b2db6cce0e_3-768x768.png 768w\" sizes=\"auto, (max-width: 1024px) 100vw, 1024px\" \/><\/figure>\n\n\n\n<div class=\"wp-block-group has-global-padding is-layout-constrained wp-block-group-is-layout-constrained\" style=\"margin-top:-12vw\"><\/div>\n<\/div>\n\n\n\n<div class=\"wp-block-column is-vertically-aligned-center is-layout-flow wp-block-column-is-layout-flow\" style=\"padding-right:0;padding-left:0;flex-basis:50%\">\n<p><strong>Ordre de la S\u00e9rie<\/strong><\/p>\n\n\n\n<p class=\"is-style-text-subtitle is-style-text-subtitle--2\">Le c\u0153ur endormi : Pr\u00e9quel gratuit <br>Des coeurs en \u00e9veil : d\u00e9j\u00e0 paru<br>Nos c\u0153urs en suspens : d\u00e9j\u00e0 paru <br>Les feux du c\u0153ur : d\u00e9j\u00e0 paru<br>Les saveurs du c\u0153ur : d\u00e9j\u00e0 paru<br>\u00c0 feux doux, \u00e0 c\u0153urs vifs : 2026<br>Les vignes du c\u0153ur : 2027<\/p>\n\n\n\n<p class=\"is-style-text-subtitle is-style-text-subtitle--3\"><strong>Et bien plus encore !<\/strong><\/p>\n<\/div>\n<\/div>\n<\/div>\n","protected":false},"excerpt":{"rendered":"<p>Une s\u00e9rie impossible \u00e0 quitter ! Une s\u00e9rie de romances contemporaines sensibles, vibrantes et profond\u00e9ment humaines Plongez dans l\u2019univers bouleversant et lumineux de&nbsp;Amours entrelac\u00e9es, une fresque romanesque o\u00f9 les c\u0153urs se cherchent, se heurtent, se gu\u00e9rissent\u2026 et s\u2019aiment, malgr\u00e9 les blessures, les doutes et les diff\u00e9rences. \u00c0 travers plusieurs histoires pouvant \u00eatre lues s\u00e9par\u00e9ment mais [&hellip;]<\/p>\n","protected":false},"author":1,"featured_media":0,"parent":0,"menu_order":3,"comment_status":"closed","ping_status":"closed","template":"","meta":{"footnotes":""},"class_list":["post-50","page","type-page","status-publish","hentry"],"_links":{"self":[{"href":"https:\/\/armellecasas.fr\/index.php\/wp-json\/wp\/v2\/pages\/50","targetHints":{"allow":["GET"]}}],"collection":[{"href":"https:\/\/armellecasas.fr\/index.php\/wp-json\/wp\/v2\/pages"}],"about":[{"href":"https:\/\/armellecasas.fr\/index.php\/wp-json\/wp\/v2\/types\/page"}],"author":[{"embeddable":true,"href":"https:\/\/armellecasas.fr\/index.php\/wp-json\/wp\/v2\/users\/1"}],"replies":[{"embeddable":true,"href":"https:\/\/armellecasas.fr\/index.php\/wp-json\/wp\/v2\/comments?post=50"}],"version-history":[{"count":6,"href":"https:\/\/armellecasas.fr\/index.php\/wp-json\/wp\/v2\/pages\/50\/revisions"}],"predecessor-version":[{"id":213,"href":"https:\/\/armellecasas.fr\/index.php\/wp-json\/wp\/v2\/pages\/50\/revisions\/213"}],"wp:attachment":[{"href":"https:\/\/armellecasas.fr\/index.php\/wp-json\/wp\/v2\/media?parent=50"}],"curies":[{"name":"wp","href":"https:\/\/api.w.org\/{rel}","templated":true}]}}